{"id":25,"date":"2015-11-03T13:32:37","date_gmt":"2015-11-03T13:32:37","guid":{"rendered":"http:\/\/grabser-choere.ch\/wordpress\/?page_id=25"},"modified":"2025-03-09T11:45:47","modified_gmt":"2025-03-09T11:45:47","slug":"jahresprogramme","status":"publish","type":"page","link":"https:\/\/grabser-choere.ch\/wordpress\/jahresprogramme\/","title":{"rendered":"Jahresprogramme"},"content":{"rendered":"<p>Siehe Websites der einzelnen Ch\u00f6re!<\/p>\n<p><a href=\"http:\/\/grabser-choere.ch\/mc\/index.php?action=veranst\" target=\"_blank\" rel=\"noopener noreferrer\"><u><span style=\"color: #006699;\">M\u00e4nnerchor Grabs<\/span><\/u><\/a><\/p>\n<p><a href=\"https:\/\/gemischt-chor-grabs-und-umgebung.blogspot.com\/p\/agenda.html\" target=\"_blank\" rel=\"noopener noreferrer\"><u><span style=\"color: #006699;\">Gemischt&#8211;Chor Grabs und Umgebung<\/span><\/u><\/a><\/p>\n<p><a href=\"https:\/\/bergfinkli.ch\/index.php\/agenda\/\"><u><span style=\"color: #006699;\">Jodlerclub Bergfinkli<\/span><\/u><\/a><\/p>\n<p><a href=\"https:\/\/kinderjodelchoerli-grabs.jimdo.com\/auftritte\/\" target=\"_blank\" rel=\"noopener noreferrer\"><u><span style=\"color: #006699;\">Kinderjodelch\u00f6rli Grabs<\/span><\/u><\/a><\/p>\n\n\n<p><\/p>\n","protected":false},"excerpt":{"rendered":"<p>Siehe Websites der einzelnen Ch\u00f6re! M\u00e4nnerchor Grabs Gemischt&#8211;Chor Grabs und Umgebung Jodlerclub Bergfinkli Kinderjodelch\u00f6rli Grabs<\/p>\n","protected":false},"author":1,"featured_media":0,"parent":0,"menu_order":0,"comment_status":"closed","ping_status":"closed","template":"","meta":{"footnotes":""},"class_list":["post-25","page","type-page","status-publish","hentry"],"_links":{"self":[{"href":"https:\/\/grabser-choere.ch\/wordpress\/wp-json\/wp\/v2\/pages\/25","targetHints":{"allow":["GET"]}}],"collection":[{"href":"https:\/\/grabser-choere.ch\/wordpress\/wp-json\/wp\/v2\/pages"}],"about":[{"href":"https:\/\/grabser-choere.ch\/wordpress\/wp-json\/wp\/v2\/types\/page"}],"author":[{"embeddable":true,"href":"https:\/\/grabser-choere.ch\/wordpress\/wp-json\/wp\/v2\/users\/1"}],"replies":[{"embeddable":true,"href":"https:\/\/grabser-choere.ch\/wordpress\/wp-json\/wp\/v2\/comments?post=25"}],"version-history":[{"count":14,"href":"https:\/\/grabser-choere.ch\/wordpress\/wp-json\/wp\/v2\/pages\/25\/revisions"}],"predecessor-version":[{"id":896,"href":"https:\/\/grabser-choere.ch\/wordpress\/wp-json\/wp\/v2\/pages\/25\/revisions\/896"}],"wp:attachment":[{"href":"https:\/\/grabser-choere.ch\/wordpress\/wp-json\/wp\/v2\/media?parent=25"}],"curies":[{"name":"wp","href":"https:\/\/api.w.org\/{rel}","templated":true}]}}