{"id":27,"date":"2015-11-03T13:33:50","date_gmt":"2015-11-03T13:33:50","guid":{"rendered":"http:\/\/grabser-choere.ch\/wordpress\/?page_id=27"},"modified":"2026-02-02T12:59:05","modified_gmt":"2026-02-02T12:59:05","slug":"bildberichte","status":"publish","type":"page","link":"https:\/\/grabser-choere.ch\/wordpress\/bildberichte\/","title":{"rendered":"Bildberichte"},"content":{"rendered":"<p><strong>Sa 15. November 2025: Gemeinsames Konzert Grabser Ch\u00f6re und Dorfmusik<\/strong><br \/>\nZeitungsbericht W&amp;O: (als\u00a0<a href=\"https:\/\/grabser-choere.ch\/wordpress\/wp-content\/uploads\/2025\/11\/WundO-GrabserChoere-Nov2025.pdf\">PDF)<\/a><\/p>\n<p>21. M\u00e4rz 2023: Fr\u00fchlingskonzert der Werdenberger Ch\u00f6re &#8211; <a href=\"https:\/\/grabser-choere.ch\/wordpress\/fruehlingskonzert-2023-werdenberger-choere-in-buchs\/\" target=\"_blank\" rel=\"noopener\">Bildergalerie + W&amp;O-<\/a><a href=\"https:\/\/grabser-choere.ch\/wordpress\/fruehlingskonzert-2023-werdenberger-choere-in-buchs\/\" target=\"_blank\" rel=\"noopener\">Bericht<\/a><\/p>\n<p>4. Nov 2022: Konzert der Grabser Ch\u00f6re &#8211; <a href=\"https:\/\/grabser-choere.ch\/wordpress\/konzert-grabser-choere-november-2022\/\" target=\"_blank\" rel=\"noopener\">Bildergalerie + W&amp;O Bericht<\/a><\/p>\n<p>2. Nov 2019: Konzert der Grabser Ch\u00f6re &#8211; <a href=\"http:\/\/grabser-choere.ch\/wordpress\/bildberichte\/konzert-grabser-choere-nov-2019\/\">Bildergalerie + W&amp;O-Bericht<\/a><\/p>\n<p>7. Nov. 2015: Konzert der Grabser Ch\u00f6re &#8211; <a href=\"http:\/\/grabser-choere.ch\/wordpress\/bildberichte\/konzert-grabser-choere-nov-2015\/\">Bildergalerie + W&amp;O-Bericht<\/a><\/p>\n<hr \/>\n<p>Bemerkungen:<\/p>\n<p>Es sind nur die Berichte von gemeinsamen \u00f6ffentlichen Veranstaltungen aufgef\u00fchrt.<\/p>\n<p><strong>F\u00fcr vereinseigene Anl\u00e4sse siehe die Berichte auf den Websites der einzelnen Ch\u00f6re!<\/strong><\/p>\n<p><strong>Fr\u00fchlingskonzerte Werdenberger Ch\u00f6re in der Kirche Buchs, siehe \u00a0<a href=\"http:\/\/www.saengerverband-werdenberg.ch\/\" target=\"_blank\" rel=\"noopener noreferrer\"><u><span style=\"color: #006699;\">Bildberichte auf Website S\u00e4ngerverband Werdenberg<\/span><\/u><\/a><\/strong><\/p>\n<p align=\"left\"><strong>Jassmeisterschaft <a href=\"http:\/\/www.grabser-jassmeisterschaft.ch\" target=\"_blank\" rel=\"noopener noreferrer\"><u><span style=\"color: #006699;\">Resultate + Bilder<\/span><\/u><\/a><\/strong><\/p>\n","protected":false},"excerpt":{"rendered":"<p>Sa 15. November 2025: Gemeinsames Konzert Grabser Ch\u00f6re und Dorfmusik Zeitungsbericht W&amp;O: (als\u00a0PDF) 21. M\u00e4rz 2023: Fr\u00fchlingskonzert der Werdenberger Ch\u00f6re &#8211; Bildergalerie + W&amp;O-Bericht 4. Nov 2022: Konzert der Grabser Ch\u00f6re &#8211; Bildergalerie + W&amp;O Bericht 2. Nov 2019: Konzert der Grabser Ch\u00f6re &#8211; Bildergalerie + W&amp;O-Bericht 7. Nov. 2015: Konzert der Grabser Ch\u00f6re &#8211; [&hellip;]<\/p>\n","protected":false},"author":1,"featured_media":0,"parent":0,"menu_order":0,"comment_status":"closed","ping_status":"closed","template":"","meta":{"footnotes":""},"class_list":["post-27","page","type-page","status-publish","hentry"],"_links":{"self":[{"href":"https:\/\/grabser-choere.ch\/wordpress\/wp-json\/wp\/v2\/pages\/27","targetHints":{"allow":["GET"]}}],"collection":[{"href":"https:\/\/grabser-choere.ch\/wordpress\/wp-json\/wp\/v2\/pages"}],"about":[{"href":"https:\/\/grabser-choere.ch\/wordpress\/wp-json\/wp\/v2\/types\/page"}],"author":[{"embeddable":true,"href":"https:\/\/grabser-choere.ch\/wordpress\/wp-json\/wp\/v2\/users\/1"}],"replies":[{"embeddable":true,"href":"https:\/\/grabser-choere.ch\/wordpress\/wp-json\/wp\/v2\/comments?post=27"}],"version-history":[{"count":19,"href":"https:\/\/grabser-choere.ch\/wordpress\/wp-json\/wp\/v2\/pages\/27\/revisions"}],"predecessor-version":[{"id":959,"href":"https:\/\/grabser-choere.ch\/wordpress\/wp-json\/wp\/v2\/pages\/27\/revisions\/959"}],"wp:attachment":[{"href":"https:\/\/grabser-choere.ch\/wordpress\/wp-json\/wp\/v2\/media?parent=27"}],"curies":[{"name":"wp","href":"https:\/\/api.w.org\/{rel}","templated":true}]}}